{"id":90,"date":"2023-03-16T11:14:15","date_gmt":"2023-03-16T10:14:15","guid":{"rendered":"https:\/\/wordpress.vecurosoft.com\/wellnez\/?page_id=90"},"modified":"2023-10-23T16:05:27","modified_gmt":"2023-10-23T16:05:27","slug":"juliana-worner","status":"publish","type":"page","link":"https:\/\/communicare.eti.br\/plena\/juliana-worner\/","title":{"rendered":"Juliana W\u00f6rner"},"content":{"rendered":"\t\t<div data-elementor-type=\"wp-page\" data-elementor-id=\"90\" class=\"elementor elementor-90\">\n\t\t\t\t\t\t\t\t\t<section class=\"elementor-section elementor-top-section elementor-element elementor-element-d025a03 elementor-section-full_width bg-gradient-1 elementor-section-height-default elementor-section-height-default\" data-id=\"d025a03\" data-element_type=\"section\">\n\t\t\t\t\t\t<div class=\"elementor-container elementor-column-gap-no\">\n\t\t\t\t\t<div class=\"elementor-column elementor-col-100 elementor-top-column elementor-element elementor-element-b5762de\" data-id=\"b5762de\" data-element_type=\"column\">\n\t\t\t<div class=\"elementor-widget-wrap\">\n\t\t\t\t\t\t\t\t\t<\/div>\n\t\t<\/div>\n\t\t\t\t\t\t\t<\/div>\n\t\t<\/section>\n\t\t\t\t<section class=\"elementor-section elementor-top-section elementor-element elementor-element-a3b0921 elementor-section-full_width elementor-section-height-default elementor-section-height-default\" data-id=\"a3b0921\" data-element_type=\"section\">\n\t\t\t\t\t\t<div class=\"elementor-container elementor-column-gap-no\">\n\t\t\t\t\t<div class=\"elementor-column elementor-col-100 elementor-top-column elementor-element elementor-element-b2c487b\" data-id=\"b2c487b\" data-element_type=\"column\">\n\t\t\t<div class=\"elementor-widget-wrap elementor-element-populated\">\n\t\t\t\t\t\t\t\t<section class=\"elementor-section elementor-inner-section elementor-element elementor-element-3d1ae80 elementor-section-content-middle elementor-reverse-tablet elementor-section-boxed elementor-section-height-default elementor-section-height-default\" data-id=\"3d1ae80\" data-element_type=\"section\">\n\t\t\t\t\t\t<div class=\"elementor-container elementor-column-gap-no\">\n\t\t\t\t\t<div class=\"elementor-column elementor-col-50 elementor-inner-column elementor-element elementor-element-01b5f58 elementor-hidden-tablet elementor-hidden-mobile\" data-id=\"01b5f58\" data-element_type=\"column\">\n\t\t\t<div class=\"elementor-widget-wrap elementor-element-populated\">\n\t\t\t\t\t\t\t\t<div class=\"elementor-element elementor-element-07eee07 elementor-widget__width-auto elementor-widget elementor-widget-wellnezimagecard\" data-id=\"07eee07\" data-element_type=\"widget\" data-widget_type=\"wellnezimagecard.default\">\n\t\t\t\t<div class=\"elementor-widget-container\">\n\t\t\t\t\t\t\t\t<!-- <div class=\"col-lg-5\"> -->\r\n\t\t\t\t<div class=\"img-box3\">\r\n\t\t\t\t\t<div class=\"shape-line\">\r\n\t\t\t\t\t\t<svg viewBox=\"0 0 442 357\">\r\n\t\t\t\t\t\t\t<path class=\"shape-line\" d=\"M220.6 3C339.98 3 437.1 100.12 437.1 219.5V351.99H440.1V219.5C440.1 160.87 417.27 105.75 375.81 64.29C334.35 22.83 279.23 0 220.6 0C161.97 0 106.85 22.83 65.39 64.29C28.67 101.01 6.57 148.46 2 199.56H5.02C15.12 89.5 107.94 3 220.6 3Z\"><\/path>\r\n\t\t\t\t\t\t\t<path class=\"shape-dot\" d=\"M7 198.5C7 200.433 5.433 202 3.5 202C1.567 202 0 200.433 0 198.5C0 196.567 1.567 195 3.5 195C5.433 195 7 196.567 7 198.5Z\"><\/path>\r\n\t\t\t\t\t\t\t<path class=\"shape-dot\" d=\"M442 353.5C442 355.433 440.433 357 438.5 357C436.567 357 435 355.433 435 353.5C435 351.567 436.567 350 438.5 350C440.433 350 442 351.567 442 353.5Z\"><\/path>\r\n\t\t\t\t\t\t<\/svg>\r\n\t\t\t\t\t<\/div>\r\n\t\t\t\t\t\t\t\t\t\t\t<div class=\"text-shape\">\r\n\t\t\t\t\t\t\t<svg viewBox=\"0 0 408 579\">\r\n\t\t\t\t\t\t\t\t<path id=\"iamgebox-shape\" d=\"M0 204C0 91.3339 91.3339 0 204 0V0C316.666 0 408 91.3339 408 204V316.879V375C408 487.666 316.666 579 204 579V579C91.3339 579 0 487.666 0 375V204Z\">\r\n\t\t\t\t\t\t\t\t<\/path>\r\n\t\t\t\t\t\t\t\t<text>\r\n\t\t\t\t\t\t\t\t\t<textPath href=\"#iamgebox-shape\" startOffset=\"810\">\r\n\t\t\t\t\t\t\t\t\t\t.... JULIANA W\u00d6RNER ....\t\t\t\t\t\t\t\t\t<\/textPath>\r\n\t\t\t\t\t\t\t\t<\/text>\r\n\t\t\t\t\t\t\t<\/svg>\r\n\t\t\t\t\t\t<\/div>\r\n\t\t\t\t\t\r\n\t\t\t\t\t\t\t\t\t\t\t<div class=\"img-1\">\r\n\t\t\t\t\t\t\t<img decoding=\"async\" src=\"https:\/\/communicare.eti.br\/plena\/wp-content\/uploads\/2023\/10\/JW_229.png\" alt=\"about\"  \/>\t\t\t\t\t\t<\/div>\r\n\t\t\t\t\t\t\t\r\n\t\t\t\t\t\t<div class=\"img-2 jump-img\">\r\n\t\t\t\t\t\t\t<img decoding=\"async\" src=\"\" alt=\"about\"  \/>\t\t\t\t\t\t<\/div>\r\n\t\t\t\t\t\t\t\t\t<\/div>\r\n\t\t\t<!-- <\/div> -->\r\n\t\t\t\t\t\t\t<\/div>\n\t\t\t\t<\/div>\n\t\t\t\t\t<\/div>\n\t\t<\/div>\n\t\t\t\t<div class=\"elementor-column elementor-col-50 elementor-inner-column elementor-element elementor-element-ff85a7f\" data-id=\"ff85a7f\" data-element_type=\"column\">\n\t\t\t<div class=\"elementor-widget-wrap elementor-element-populated\">\n\t\t\t\t\t\t\t\t<div class=\"elementor-element elementor-element-efd4fe2 elementor-widget elementor-widget-text-editor\" data-id=\"efd4fe2\" data-element_type=\"widget\" data-widget_type=\"text-editor.default\">\n\t\t\t\t<div class=\"elementor-widget-container\">\n\t\t\t<style>\/*! elementor - v3.16.0 - 20-09-2023 *\/\n.elementor-widget-text-editor.elementor-drop-cap-view-stacked .elementor-drop-cap{background-color:#69727d;color:#fff}.elementor-widget-text-editor.elementor-drop-cap-view-framed .elementor-drop-cap{color:#69727d;border:3px solid;background-color:transparent}.elementor-widget-text-editor:not(.elementor-drop-cap-view-default) .elementor-drop-cap{margin-top:8px}.elementor-widget-text-editor:not(.elementor-drop-cap-view-default) .elementor-drop-cap-letter{width:1em;height:1em}.elementor-widget-text-editor .elementor-drop-cap{float:left;text-align:center;line-height:1;font-size:50px}.elementor-widget-text-editor .elementor-drop-cap-letter{display:inline-block}<\/style>\t\t\t\t<span class=\"sec-subtitle\">Minha Hist\u00f3ria &#8211; sobre a Juliana <\/span>\t\t\t\t\t\t<\/div>\n\t\t\t\t<\/div>\n\t\t\t\t<div class=\"elementor-element elementor-element-a6a6c96 elementor-widget elementor-widget-text-editor\" data-id=\"a6a6c96\" data-element_type=\"widget\" data-widget_type=\"text-editor.default\">\n\t\t\t\t<div class=\"elementor-widget-container\">\n\t\t\t\t\t\t\t<h2 class=\"sec-title2\">FALAR EM <span class=\"text-theme\">SONHOS<\/span><\/h2>\t\t\t\t\t\t<\/div>\n\t\t\t\t<\/div>\n\t\t\t\t<div class=\"elementor-element elementor-element-f18e637 elementor-widget elementor-widget-text-editor\" data-id=\"f18e637\" data-element_type=\"widget\" data-widget_type=\"text-editor.default\">\n\t\t\t\t<div class=\"elementor-widget-container\">\n\t\t\t\t\t\t\t<p class=\"quote-text\">Falar em sonhos\u2026..<br \/>Hoje eu vivo a vida que eu sempre sonhei<\/p>\t\t\t\t\t\t<\/div>\n\t\t\t\t<\/div>\n\t\t\t\t<div class=\"elementor-element elementor-element-b97ab6c elementor-widget elementor-widget-text-editor\" data-id=\"b97ab6c\" data-element_type=\"widget\" data-widget_type=\"text-editor.default\">\n\t\t\t\t<div class=\"elementor-widget-container\">\n\t\t\t\t\t\t\t<p><span style=\"font-weight: 400;\">Me sentindo PLENA no meu feminino e muito realizada como Mulher, em todas as \u00e1reas da vida\u2026.mas nem sempre foi assim\u2026.<\/span><\/p><p><span style=\"font-weight: 400;\">E por isso eu te compreendo profundamente se hoje voc\u00ea ainda est\u00e1 correndo atr\u00e1s da sua \u201csobreviv\u00eancia\u201d e se encontra ainda muito forte na sua energia masculina, n\u00e3o sabendo conciliar vida profissional e vida afetiva\u2026.<\/span><\/p><p><span style=\"font-weight: 400;\">Assim como muitas de voc\u00eas, eu tamb\u00e9m sou da gera\u00e7\u00e3o que a m\u00e3e dizia: \u201cVai ser independente, n\u00e3o dependa de ningu\u00e9m para nada.\u201d<\/span><\/p><p><span style=\"font-weight: 400;\">Meu lema desde jovem era:\u00a0 \u201cSe Deus colocou esse desejo no meu cora\u00e7\u00e3o \u00e9 porque eu posso realizar!\u201d<\/span><\/p><p><span style=\"font-weight: 400;\">Mas as coisas n\u00e3o acontecem da noite para o dia\u2026\u2026muitos dos sonhos, levam anos e anos para se concretizar\u2026<\/span><\/p><p><span style=\"font-weight: 400;\">Comecei no mundo corporativo aos 18 anos, aos 27 anos em 2009 abri minha empresa e por 13 anos fui empres\u00e1ria.<\/span><\/p><p><span style=\"font-weight: 400;\">Conheci profundamente minha energia masculina, fui guiada por anos pela for\u00e7a da minha racionalidade, muito pr\u00f3spera e bem sucedida no profissional e material&#8230;mas sabia que algo profundo ainda clamava dentro de mim&#8230;.. que faltava o mais profundo do meu Ser&#8230;&#8230;a voz da Alma&#8230;. que fala atrav\u00e9s do cora\u00e7\u00e3o..<\/span><\/p>\t\t\t\t\t\t<\/div>\n\t\t\t\t<\/div>\n\t\t\t\t\t<\/div>\n\t\t<\/div>\n\t\t\t\t\t\t\t<\/div>\n\t\t<\/section>\n\t\t\t\t\t<\/div>\n\t\t<\/div>\n\t\t\t\t\t\t\t<\/div>\n\t\t<\/section>\n\t\t\t\t<section class=\"elementor-section elementor-top-section elementor-element elementor-element-c750768 elementor-section-full_width elementor-section-height-default elementor-section-height-default\" data-id=\"c750768\" data-element_type=\"section\">\n\t\t\t\t\t\t<div class=\"elementor-container elementor-column-gap-no\">\n\t\t\t\t\t<div class=\"elementor-column elementor-col-100 elementor-top-column elementor-element elementor-element-cafa428\" data-id=\"cafa428\" data-element_type=\"column\">\n\t\t\t<div class=\"elementor-widget-wrap elementor-element-populated\">\n\t\t\t\t\t\t\t\t<section class=\"elementor-section elementor-inner-section elementor-element elementor-element-cecceb8 elementor-section-boxed elementor-section-height-default elementor-section-height-default\" data-id=\"cecceb8\" data-element_type=\"section\">\n\t\t\t\t\t\t<div class=\"elementor-container elementor-column-gap-no\">\n\t\t\t\t\t<div class=\"elementor-column elementor-col-100 elementor-inner-column elementor-element elementor-element-bb54297\" data-id=\"bb54297\" data-element_type=\"column\">\n\t\t\t<div class=\"elementor-widget-wrap elementor-element-populated\">\n\t\t\t\t\t\t\t\t<div class=\"elementor-element elementor-element-23f6a0a elementor-widget elementor-widget-wellnezsectiontitle\" data-id=\"23f6a0a\" data-element_type=\"widget\" data-widget_type=\"wellnezsectiontitle.default\">\n\t\t\t\t<div class=\"elementor-widget-container\">\n\t\t\t<!-- Section Title --><div class=\"title-area\" ><span class=\"sec-subtitle\">E a voz que ecoou dentro de mim foi:<\/span><h2 class=\"sec-title3 title-selector h1\">O que \u00e9 SER MULHER?\n<\/h2><div class=\"section-title-image\"><img decoding=\"async\" src=\"https:\/\/wordpress.vecurosoft.com\/wellnez\/wp-content\/uploads\/2023\/03\/sec-shape-1.png\" alt=\"sec shape 1\"  \/><\/div><\/div><!-- End Section Title -->\t\t<\/div>\n\t\t\t\t<\/div>\n\t\t\t\t\t<\/div>\n\t\t<\/div>\n\t\t\t\t\t\t\t<\/div>\n\t\t<\/section>\n\t\t\t\t\t<\/div>\n\t\t<\/div>\n\t\t\t\t\t\t\t<\/div>\n\t\t<\/section>\n\t\t\t\t<section class=\"elementor-section elementor-top-section elementor-element elementor-element-48e46d6 elementor-section-full_width elementor-section-height-default elementor-section-height-default\" data-id=\"48e46d6\" data-element_type=\"section\" data-settings=\"{&quot;background_background&quot;:&quot;classic&quot;}\">\n\t\t\t\t\t\t<div class=\"elementor-container elementor-column-gap-no\">\n\t\t\t\t\t<div class=\"elementor-column elementor-col-100 elementor-top-column elementor-element elementor-element-90d79c8\" data-id=\"90d79c8\" data-element_type=\"column\">\n\t\t\t<div class=\"elementor-widget-wrap elementor-element-populated\">\n\t\t\t\t\t\t\t\t<div class=\"elementor-element elementor-element-15a0219 elementor-widget elementor-widget-text-editor\" data-id=\"15a0219\" data-element_type=\"widget\" data-widget_type=\"text-editor.default\">\n\t\t\t\t<div class=\"elementor-widget-container\">\n\t\t\t\t\t\t\t\t\t\t\t\t\t<\/div>\n\t\t\t\t<\/div>\n\t\t\t\t<section class=\"elementor-section elementor-inner-section elementor-element elementor-element-98d3a63 elementor-section-content-middle elementor-section-boxed elementor-section-height-default elementor-section-height-default\" data-id=\"98d3a63\" data-element_type=\"section\">\n\t\t\t\t\t\t<div class=\"elementor-container elementor-column-gap-no\">\n\t\t\t\t\t<div class=\"elementor-column elementor-col-50 elementor-inner-column elementor-element elementor-element-6af99fc\" data-id=\"6af99fc\" data-element_type=\"column\" data-settings=\"{&quot;background_background&quot;:&quot;classic&quot;}\">\n\t\t\t<div class=\"elementor-widget-wrap elementor-element-populated\">\n\t\t\t\t\t\t\t\t<div class=\"elementor-element elementor-element-c2a0105 elementor-widget elementor-widget-image\" data-id=\"c2a0105\" data-element_type=\"widget\" data-widget_type=\"image.default\">\n\t\t\t\t<div class=\"elementor-widget-container\">\n\t\t\t<style>\/*! elementor - v3.16.0 - 20-09-2023 *\/\n.elementor-widget-image{text-align:center}.elementor-widget-image a{display:inline-block}.elementor-widget-image a img[src$=\".svg\"]{width:48px}.elementor-widget-image img{vertical-align:middle;display:inline-block}<\/style>\t\t\t\t\t\t\t\t\t\t\t\t<img loading=\"lazy\" decoding=\"async\" width=\"700\" height=\"980\" src=\"https:\/\/communicare.eti.br\/plena\/wp-content\/uploads\/2023\/10\/JULIANAWORNER_SOBREMIM1.png\" class=\"attachment-large size-large wp-image-4954\" alt=\"\" srcset=\"https:\/\/communicare.eti.br\/plena\/wp-content\/uploads\/2023\/10\/JULIANAWORNER_SOBREMIM1.png 700w, https:\/\/communicare.eti.br\/plena\/wp-content\/uploads\/2023\/10\/JULIANAWORNER_SOBREMIM1-214x300.png 214w, https:\/\/communicare.eti.br\/plena\/wp-content\/uploads\/2023\/10\/JULIANAWORNER_SOBREMIM1-600x840.png 600w\" sizes=\"auto, (max-width: 700px) 100vw, 700px\" \/>\t\t\t\t\t\t\t\t\t\t\t\t\t\t\t<\/div>\n\t\t\t\t<\/div>\n\t\t\t\t\t<\/div>\n\t\t<\/div>\n\t\t\t\t<div class=\"elementor-column elementor-col-50 elementor-inner-column elementor-element elementor-element-cc33a40\" data-id=\"cc33a40\" data-element_type=\"column\">\n\t\t\t<div class=\"elementor-widget-wrap elementor-element-populated\">\n\t\t\t\t\t\t\t\t<div class=\"elementor-element elementor-element-22a6a17 elementor-widget__width-initial elementor-widget elementor-widget-text-editor\" data-id=\"22a6a17\" data-element_type=\"widget\" data-widget_type=\"text-editor.default\">\n\t\t\t\t<div class=\"elementor-widget-container\">\n\t\t\t\t\t\t\t<p><span style=\"color: #999999;\">Em 2016 comecei minha jornada do Feminino para compreender essa energia feminina profundamente, dia ap\u00f3s dia ia saindo da racionalidade e me permitindo ser conduzida pelo cora\u00e7\u00e3o\u2026\u2026<\/span><\/p>\n\n<p><span style=\"color: #999999;\">Em 2017 comecei minha forma\u00e7\u00e3o como Terapeuta Floral pelo Instituto Bach Centre, estudos que vieram durante uma medita\u00e7\u00e3o com uma voz muita clara da INTUI\u00c7\u00c3O: \u201cEstude e aprenda sobre os Florais de Bach\u201d (eu aquela altura n\u00e3o me recordava de ter ouvido falar sobre os florais\u2026)<\/span><\/p>\n\n<p><span style=\"color: #999999;\">Em 2018 dei in\u00edcio nos estudos da P\u00f3s Gradua\u00e7\u00e3o em Naturopatia, j\u00e1 formada como Terapeuta Floral com Certifica\u00e7\u00e3o Internacional pelo Bach Centre comecei a atender no consult\u00f3rio, quanto mais mergulhava nos meus estudos\u2026.e atendimentos, mas a voz do cora\u00e7\u00e3o falava\u2026..<\/span><\/p>\n\n<p><span style=\"color: #999999;\">Ent\u00e3o, conciliava, durante o dia trabalhava na minha Empresa e \u00e0 noite no Consult\u00f3rio\u2026\u2026.<\/span><\/p>\n\n<p><span style=\"color: #999999;\">Naquele momento, ainda era dif\u00edcil \u201ccompreender\u201d profundamente o tempo\u2026..o tempo de cada coisa\u2026\u2026uma virtude t\u00e3o feminina chamada PACI\u00caNCIA\u2026..<\/span><\/p>\n\n<p><span style=\"color: #999999;\">In\u00edcio de 2020 minha m\u00e3e adoeceu\u2026\u2026passei um ano em profunda conex\u00e3o com o meu feminino, na nutri\u00e7\u00e3o, no cuidado, no carinho, na amorosidade, na paci\u00eancia, na experimenta\u00e7\u00e3o da maior dor que um Ser Humano pode sentir, mas no maior AMOR que um Ser humano pode sentir, o INCONDICIONAL!<\/span><\/p>\n\n<p><span style=\"color: #999999;\">Tive a oportunidade de retribuir todo amor que recebi dela\u2026..DA VIDA que com toda generosidade ela me deu\u2026..<\/span><\/p>\n\n<p><span style=\"color: #999999;\">No in\u00edcio de 2021 ela faleceu e eu sabia o quanto precisaria SER forte, na for\u00e7a da Alma.<\/span><\/p>\n\n<p><span style=\"color: #999999;\">CONHECI O VERDADEIRO PODER DE TRANSFORMA\u00c7\u00c3O e TRANSMUTA\u00c7\u00c3O do FEMININO, que nada na vida poderia ser mais doloroso que aquela experi\u00eancia\u2026&#8230; .mas nada poderia me fazer ainda mais forte!<\/span><\/p>\n\n<p><span style=\"color: #999999;\">Conectada com toda for\u00e7a do meu feminino, senti com o cora\u00e7\u00e3o, respeitei cada sentimento deste processo e sabia que tinha recebido um \u201cbast\u00e3o\u201d como ponta da lan\u00e7a\u2026..e tinha como dever\u2026HONRAR minha Ancestralidade, honrando o meu Feminino.<\/span>\t\t\t\t\t\t<\/div>\n\t\t\t\t<\/div>\n\t\t\t\t\t<\/div>\n\t\t<\/div>\n\t\t\t\t\t\t\t<\/div>\n\t\t<\/section>\n\t\t\t\t\t<\/div>\n\t\t<\/div>\n\t\t\t\t\t\t\t<\/div>\n\t\t<\/section>\n\t\t\t\t<section class=\"elementor-section elementor-top-section elementor-element elementor-element-69617c5 elementor-section-full_width elementor-section-height-default elementor-section-height-default\" data-id=\"69617c5\" data-element_type=\"section\" data-settings=\"{&quot;background_background&quot;:&quot;classic&quot;}\">\n\t\t\t\t\t\t<div class=\"elementor-container elementor-column-gap-no\">\n\t\t\t\t\t<div class=\"elementor-column elementor-col-100 elementor-top-column elementor-element elementor-element-3e3a9a2\" data-id=\"3e3a9a2\" data-element_type=\"column\">\n\t\t\t<div class=\"elementor-widget-wrap elementor-element-populated\">\n\t\t\t\t\t\t\t\t<section class=\"elementor-section elementor-inner-section elementor-element elementor-element-69c04e7 elementor-section-boxed elementor-section-height-default elementor-section-height-default\" data-id=\"69c04e7\" data-element_type=\"section\" data-settings=\"{&quot;background_background&quot;:&quot;classic&quot;}\">\n\t\t\t\t\t\t<div class=\"elementor-container elementor-column-gap-no\">\n\t\t\t\t\t<div class=\"elementor-column elementor-col-100 elementor-inner-column elementor-element elementor-element-cfc8453\" data-id=\"cfc8453\" data-element_type=\"column\">\n\t\t\t<div class=\"elementor-widget-wrap elementor-element-populated\">\n\t\t\t\t\t\t\t\t<div class=\"elementor-element elementor-element-09aa375 elementor-widget elementor-widget-wellnezsectiontitle\" data-id=\"09aa375\" data-element_type=\"widget\" data-widget_type=\"wellnezsectiontitle.default\">\n\t\t\t\t<div class=\"elementor-widget-container\">\n\t\t\t<!-- Section Title --><div class=\"title-area\" ><span class=\"sec-subtitle\">E sabe como n\u00f3s Mulheres honramos o Nosso Feminino?<\/span><h2 class=\"sec-title3 title-selector h1\">Sendo Mulheres \u201cPLENAS\u201d, Felizes e Realizadas!\n\n<\/h2><div class=\"section-title-image\"><img decoding=\"async\" src=\"https:\/\/wordpress.vecurosoft.com\/wellnez\/wp-content\/uploads\/2023\/03\/sec-shape-1.png\" alt=\"sec shape 1\"  \/><\/div><\/div><!-- End Section Title -->\t\t<\/div>\n\t\t\t\t<\/div>\n\t\t\t\t\t<\/div>\n\t\t<\/div>\n\t\t\t\t\t\t\t<\/div>\n\t\t<\/section>\n\t\t\t\t<section class=\"elementor-section elementor-inner-section elementor-element elementor-element-32f33e1 elementor-section-full_width elementor-section-height-default elementor-section-height-default\" data-id=\"32f33e1\" data-element_type=\"section\" data-settings=\"{&quot;background_background&quot;:&quot;classic&quot;}\">\n\t\t\t\t\t\t<div class=\"elementor-container elementor-column-gap-no\">\n\t\t\t\t\t<div class=\"elementor-column elementor-col-100 elementor-inner-column elementor-element elementor-element-e579b8a\" data-id=\"e579b8a\" data-element_type=\"column\">\n\t\t\t<div class=\"elementor-widget-wrap elementor-element-populated\">\n\t\t\t\t\t\t\t\t<div class=\"elementor-element elementor-element-2a71bd6 elementor-widget elementor-widget-text-editor\" data-id=\"2a71bd6\" data-element_type=\"widget\" data-widget_type=\"text-editor.default\">\n\t\t\t\t<div class=\"elementor-widget-container\">\n\t\t\t\t\t\t\t<p><span style=\"font-weight: 400;\">Meu Amor, que jornada encantadora, m\u00e1gica, reveladora e transformadora que eu fiz para chegar at\u00e9 aqui\u2026.<\/span><\/p><p><span style=\"font-weight: 400;\">Mas compreender que os Sonhos De Alma s\u00f3 podem ser acessados no Bem-estar \u00e9 algo revelador e transcendente\u2026..<\/span><\/p><p><span style=\"font-weight: 400;\">E sabe o que aconteceu neste meu Bem-estar?<\/span><\/p><p><span style=\"font-weight: 400;\">Equilibrando minha energia feminina e energia masculina?<\/span><\/p><p><span style=\"font-weight: 400;\">Um Relacionamento extraordin\u00e1rio com um Homem por inteiro maravilhoso, com seu Masculino Saud\u00e1vel, onde me sinto amada, cuidada e protegida!<\/span><\/p><p><span style=\"font-weight: 400;\">Uma Vida repleta de autorrealiza\u00e7\u00e3o!<\/span><\/p><p><span style=\"font-weight: 400;\">E como grande desabrochar, nasceu o meu Sonho de Alma: O M\u00c9TODO PLENA!<\/span><\/p><p><span style=\"font-weight: 400;\">Ele foi um processo de gesta\u00e7\u00e3o, dentro da Minha Energia Feminina, onde fui maternando nas escritas e profundidade desta Cria\u00e7\u00e3o\u2026.<\/span><\/p><p><span style=\"font-weight: 400;\">E tamb\u00e9m em equil\u00edbrio na for\u00e7a da minha Energia Masculina de realiza\u00e7\u00e3o, de expans\u00e3o, de empreendimento para a concretiza\u00e7\u00e3o deste sonho, o maior que minha Alma pode conceber at\u00e9 hoje\u2026.<\/span><\/p><p><span style=\"font-weight: 400;\">E sabe o que \u00e9 maravilhoso?<\/span><\/p><p><span style=\"font-weight: 400;\">Esse sonho n\u00e3o \u00e9 s\u00f3 meu, voc\u00ea faz parte disso!<\/span><\/p><p><span style=\"font-weight: 400;\">Vamos construir juntas uma linda hist\u00f3ria?<\/span><\/p><p><span style=\"font-weight: 400;\">Com Alma,<\/span><\/p><h6><strong>Juliana W\u00f6rner<\/strong><\/h6>\t\t\t\t\t\t<\/div>\n\t\t\t\t<\/div>\n\t\t\t\t\t<\/div>\n\t\t<\/div>\n\t\t\t\t\t\t\t<\/div>\n\t\t<\/section>\n\t\t\t\t\t<\/div>\n\t\t<\/div>\n\t\t\t\t\t\t\t<\/div>\n\t\t<\/section>\n\t\t\t\t\t\t\t<\/div>\n\t\t","protected":false},"excerpt":{"rendered":"<p>&#8230;. JULIANA W\u00d6RNER &#8230;. Minha Hist\u00f3ria &#8211; sobre a Juliana FALAR EM SONHOS Falar em sonhos\u2026..Hoje eu vivo a vida que eu sempre sonhei Me sentindo PLENA no meu feminino e muito realizada como Mulher, em todas as \u00e1reas da vida\u2026.mas nem sempre foi assim\u2026. E por isso eu te compreendo profundamente se hoje voc\u00ea&#8230;<\/p>\n","protected":false},"author":1,"featured_media":0,"parent":0,"menu_order":0,"comment_status":"closed","ping_status":"closed","template":"template-builder.php","meta":{"_monsterinsights_skip_tracking":false,"_monsterinsights_sitenote_active":false,"_monsterinsights_sitenote_note":"","_monsterinsights_sitenote_category":0,"footnotes":""},"class_list":["post-90","page","type-page","status-publish","hentry"],"aioseo_notices":[],"_links":{"self":[{"href":"https:\/\/communicare.eti.br\/plena\/wp-json\/wp\/v2\/pages\/90","targetHints":{"allow":["GET"]}}],"collection":[{"href":"https:\/\/communicare.eti.br\/plena\/wp-json\/wp\/v2\/pages"}],"about":[{"href":"https:\/\/communicare.eti.br\/plena\/wp-json\/wp\/v2\/types\/page"}],"author":[{"embeddable":true,"href":"https:\/\/communicare.eti.br\/plena\/wp-json\/wp\/v2\/users\/1"}],"replies":[{"embeddable":true,"href":"https:\/\/communicare.eti.br\/plena\/wp-json\/wp\/v2\/comments?post=90"}],"version-history":[{"count":43,"href":"https:\/\/communicare.eti.br\/plena\/wp-json\/wp\/v2\/pages\/90\/revisions"}],"predecessor-version":[{"id":4990,"href":"https:\/\/communicare.eti.br\/plena\/wp-json\/wp\/v2\/pages\/90\/revisions\/4990"}],"wp:attachment":[{"href":"https:\/\/communicare.eti.br\/plena\/wp-json\/wp\/v2\/media?parent=90"}],"curies":[{"name":"wp","href":"https:\/\/api.w.org\/{rel}","templated":true}]}}